{"id":5539,"date":"2021-10-26T11:43:20","date_gmt":"2021-10-26T14:43:20","guid":{"rendered":"https:\/\/imobiliariaoriente.com.br\/?page_id=5539"},"modified":"2021-10-26T11:45:49","modified_gmt":"2021-10-26T14:45:49","slug":"elementor-5539","status":"publish","type":"page","link":"https:\/\/imobiliariaoriente.com.br\/index.php\/elementor-5539\/","title":{"rendered":"Financiamentos"},"content":{"rendered":"\t\t<div data-elementor-type=\"wp-page\" data-elementor-id=\"5539\" class=\"elementor elementor-5539\" data-elementor-settings=\"[]\">\n\t\t\t\t\t\t\t<div class=\"elementor-section-wrap\">\n\t\t\t\t\t\t\t<section class=\"elementor-section elementor-top-section elementor-element elementor-element-94befce elementor-section-boxed elementor-section-height-default elementor-section-height-default\" data-id=\"94befce\" data-element_type=\"section\">\n\t\t\t\t\t\t<div class=\"elementor-container elementor-column-gap-default\">\n\t\t\t\t\t<div class=\"elementor-column elementor-col-100 elementor-top-column elementor-element elementor-element-a10bf32\" data-id=\"a10bf32\" data-element_type=\"column\">\n\t\t\t<div class=\"elementor-widget-wrap elementor-element-populated\">\n\t\t\t\t\t\t\t\t<div class=\"elementor-element elementor-element-2bb5c43 elementor-widget elementor-widget-text-editor\" data-id=\"2bb5c43\" data-element_type=\"widget\" data-widget_type=\"text-editor.default\">\n\t\t\t\t<div class=\"elementor-widget-container\">\n\t\t\t\t\t\t\t<h5>Tudo sobre Cr\u00e9dito Imobili\u00e1rio &#8211; Simule seu financiamento banc\u00e1rio!<br \/>Atrav\u00e9s dos links abaixo voc\u00ea ter\u00e1 acesso aos bancos que operam com Cr\u00e9dito e Financiamento Imobili\u00e1rio:<\/h5><div class=\"financiamentos\">\u00a0<\/div>\t\t\t\t\t\t<\/div>\n\t\t\t\t<\/div>\n\t\t\t\t\t<\/div>\n\t\t<\/div>\n\t\t\t\t\t\t\t<\/div>\n\t\t<\/section>\n\t\t\t\t<section class=\"elementor-section elementor-top-section elementor-element elementor-element-837752b elementor-section-boxed elementor-section-height-default elementor-section-height-default\" data-id=\"837752b\" data-element_type=\"section\">\n\t\t\t\t\t\t<div class=\"elementor-container elementor-column-gap-default\">\n\t\t\t\t\t<div class=\"elementor-column elementor-col-50 elementor-top-column elementor-element elementor-element-84b83ff\" data-id=\"84b83ff\" data-element_type=\"column\">\n\t\t\t<div class=\"elementor-widget-wrap elementor-element-populated\">\n\t\t\t\t\t\t\t\t<div class=\"elementor-element elementor-element-55c0001 elementor-widget elementor-widget-image\" data-id=\"55c0001\" data-element_type=\"widget\" data-widget_type=\"image.default\">\n\t\t\t\t<div class=\"elementor-widget-container\">\n\t\t\t\t\t\t\t\t\t\t\t\t\t\t\t\t<a href=\"https:\/\/www.santander.com.br\/br\/pessoa-fisica\/santander\/creditos-e-financiamentos\/credito-imobiliario\">\n\t\t\t\t\t\t\t<img loading=\"lazy\" decoding=\"async\" width=\"400\" height=\"164\" src=\"https:\/\/imobiliariaoriente.com.br\/wp-content\/uploads\/2021\/10\/santa00101.jpg\" class=\"attachment-large size-large\" alt=\"\" srcset=\"https:\/\/imobiliariaoriente.com.br\/wp-content\/uploads\/2021\/10\/santa00101.jpg 400w, https:\/\/imobiliariaoriente.com.br\/wp-content\/uploads\/2021\/10\/santa00101-300x123.jpg 300w, https:\/\/imobiliariaoriente.com.br\/wp-content\/uploads\/2021\/10\/santa00101-150x62.jpg 150w\" sizes=\"auto, (max-width: 400px) 100vw, 400px\" \/>\t\t\t\t\t\t\t\t<\/a>\n\t\t\t\t\t\t\t\t\t\t\t\t\t\t\t<\/div>\n\t\t\t\t<\/div>\n\t\t\t\t\t<\/div>\n\t\t<\/div>\n\t\t\t\t<div class=\"elementor-column elementor-col-50 elementor-top-column elementor-element elementor-element-dab1a3b\" data-id=\"dab1a3b\" data-element_type=\"column\">\n\t\t\t<div class=\"elementor-widget-wrap elementor-element-populated\">\n\t\t\t\t\t\t\t\t<div class=\"elementor-element elementor-element-75f7bed elementor-widget elementor-widget-image\" data-id=\"75f7bed\" data-element_type=\"widget\" data-widget_type=\"image.default\">\n\t\t\t\t<div class=\"elementor-widget-container\">\n\t\t\t\t\t\t\t\t\t\t\t\t\t\t\t<img loading=\"lazy\" decoding=\"async\" width=\"400\" height=\"164\" src=\"https:\/\/imobiliariaoriente.com.br\/wp-content\/uploads\/2021\/10\/bradesco0001.jpg\" class=\"attachment-large size-large\" alt=\"\" srcset=\"https:\/\/imobiliariaoriente.com.br\/wp-content\/uploads\/2021\/10\/bradesco0001.jpg 400w, https:\/\/imobiliariaoriente.com.br\/wp-content\/uploads\/2021\/10\/bradesco0001-300x123.jpg 300w, https:\/\/imobiliariaoriente.com.br\/wp-content\/uploads\/2021\/10\/bradesco0001-150x62.jpg 150w\" sizes=\"auto, (max-width: 400px) 100vw, 400px\" \/>\t\t\t\t\t\t\t\t\t\t\t\t\t\t\t<\/div>\n\t\t\t\t<\/div>\n\t\t\t\t\t<\/div>\n\t\t<\/div>\n\t\t\t\t\t\t\t<\/div>\n\t\t<\/section>\n\t\t\t\t<section class=\"elementor-section elementor-top-section elementor-element elementor-element-0665151 elementor-section-boxed elementor-section-height-default elementor-section-height-default\" data-id=\"0665151\" data-element_type=\"section\">\n\t\t\t\t\t\t<div class=\"elementor-container elementor-column-gap-default\">\n\t\t\t\t\t<div class=\"elementor-column elementor-col-50 elementor-top-column elementor-element elementor-element-3f2ba02\" data-id=\"3f2ba02\" data-element_type=\"column\">\n\t\t\t<div class=\"elementor-widget-wrap elementor-element-populated\">\n\t\t\t\t\t\t\t\t<div class=\"elementor-element elementor-element-55d74eb elementor-widget elementor-widget-image\" data-id=\"55d74eb\" data-element_type=\"widget\" data-widget_type=\"image.default\">\n\t\t\t\t<div class=\"elementor-widget-container\">\n\t\t\t\t\t\t\t\t\t\t\t\t\t\t\t\t<a href=\"http:\/\/www8.caixa.gov.br\/siopiinternet-web\/simulaOperacaoInternet.do?method=inicializarCasoUso\">\n\t\t\t\t\t\t\t<img loading=\"lazy\" decoding=\"async\" width=\"400\" height=\"164\" src=\"https:\/\/imobiliariaoriente.com.br\/wp-content\/uploads\/2021\/10\/caixa.jpg\" class=\"attachment-large size-large\" alt=\"\" srcset=\"https:\/\/imobiliariaoriente.com.br\/wp-content\/uploads\/2021\/10\/caixa.jpg 400w, https:\/\/imobiliariaoriente.com.br\/wp-content\/uploads\/2021\/10\/caixa-300x123.jpg 300w, https:\/\/imobiliariaoriente.com.br\/wp-content\/uploads\/2021\/10\/caixa-150x62.jpg 150w\" sizes=\"auto, (max-width: 400px) 100vw, 400px\" \/>\t\t\t\t\t\t\t\t<\/a>\n\t\t\t\t\t\t\t\t\t\t\t\t\t\t\t<\/div>\n\t\t\t\t<\/div>\n\t\t\t\t\t<\/div>\n\t\t<\/div>\n\t\t\t\t<div class=\"elementor-column elementor-col-50 elementor-top-column elementor-element elementor-element-331f781\" data-id=\"331f781\" data-element_type=\"column\">\n\t\t\t<div class=\"elementor-widget-wrap elementor-element-populated\">\n\t\t\t\t\t\t\t\t<div class=\"elementor-element elementor-element-59119bf elementor-widget elementor-widget-image\" data-id=\"59119bf\" data-element_type=\"widget\" data-widget_type=\"image.default\">\n\t\t\t\t<div class=\"elementor-widget-container\">\n\t\t\t\t\t\t\t\t\t\t\t\t\t\t\t\t<a href=\"https:\/\/www.itau.com.br\/emprestimos-financiamentos\/credito-imobiliario\/simulador\/\">\n\t\t\t\t\t\t\t<img loading=\"lazy\" decoding=\"async\" width=\"400\" height=\"164\" src=\"https:\/\/imobiliariaoriente.com.br\/wp-content\/uploads\/2021\/10\/itau001.jpg\" class=\"attachment-large size-large\" alt=\"\" srcset=\"https:\/\/imobiliariaoriente.com.br\/wp-content\/uploads\/2021\/10\/itau001.jpg 400w, https:\/\/imobiliariaoriente.com.br\/wp-content\/uploads\/2021\/10\/itau001-300x123.jpg 300w, https:\/\/imobiliariaoriente.com.br\/wp-content\/uploads\/2021\/10\/itau001-150x62.jpg 150w\" sizes=\"auto, (max-width: 400px) 100vw, 400px\" \/>\t\t\t\t\t\t\t\t<\/a>\n\t\t\t\t\t\t\t\t\t\t\t\t\t\t\t<\/div>\n\t\t\t\t<\/div>\n\t\t\t\t\t<\/div>\n\t\t<\/div>\n\t\t\t\t\t\t\t<\/div>\n\t\t<\/section>\n\t\t\t\t<section class=\"elementor-section elementor-top-section elementor-element elementor-element-1300816 elementor-section-boxed elementor-section-height-default elementor-section-height-default\" data-id=\"1300816\" data-element_type=\"section\">\n\t\t\t\t\t\t<div class=\"elementor-container elementor-column-gap-default\">\n\t\t\t\t\t<div class=\"elementor-column elementor-col-50 elementor-top-column elementor-element elementor-element-13115d0\" data-id=\"13115d0\" data-element_type=\"column\">\n\t\t\t<div class=\"elementor-widget-wrap elementor-element-populated\">\n\t\t\t\t\t\t\t\t<div class=\"elementor-element elementor-element-12f4edb elementor-widget elementor-widget-image\" data-id=\"12f4edb\" data-element_type=\"widget\" data-widget_type=\"image.default\">\n\t\t\t\t<div class=\"elementor-widget-container\">\n\t\t\t\t\t\t\t\t\t\t\t\t\t\t\t<img loading=\"lazy\" decoding=\"async\" width=\"400\" height=\"164\" src=\"https:\/\/imobiliariaoriente.com.br\/wp-content\/uploads\/2021\/10\/bbbbrasil.jpg\" class=\"attachment-large size-large\" alt=\"\" srcset=\"https:\/\/imobiliariaoriente.com.br\/wp-content\/uploads\/2021\/10\/bbbbrasil.jpg 400w, https:\/\/imobiliariaoriente.com.br\/wp-content\/uploads\/2021\/10\/bbbbrasil-300x123.jpg 300w, https:\/\/imobiliariaoriente.com.br\/wp-content\/uploads\/2021\/10\/bbbbrasil-150x62.jpg 150w\" sizes=\"auto, (max-width: 400px) 100vw, 400px\" \/>\t\t\t\t\t\t\t\t\t\t\t\t\t\t\t<\/div>\n\t\t\t\t<\/div>\n\t\t\t\t\t<\/div>\n\t\t<\/div>\n\t\t\t\t<div class=\"elementor-column elementor-col-50 elementor-top-column elementor-element elementor-element-4642428\" data-id=\"4642428\" data-element_type=\"column\">\n\t\t\t<div class=\"elementor-widget-wrap\">\n\t\t\t\t\t\t\t\t\t<\/div>\n\t\t<\/div>\n\t\t\t\t\t\t\t<\/div>\n\t\t<\/section>\n\t\t\t\t\t\t<\/div>\n\t\t\t\t\t<\/div>\n\t\t","protected":false},"excerpt":{"rendered":"<p>Tudo sobre Cr\u00e9dito Imobili\u00e1rio &#8211; Simule seu financiamento banc\u00e1rio! Atrav\u00e9s dos links abaixo voc\u00ea ter\u00e1 acesso aos bancos que operam com Cr\u00e9dito e Financiamento Imobili\u00e1rio:<\/p>\n","protected":false},"author":1,"featured_media":0,"parent":0,"menu_order":0,"comment_status":"closed","ping_status":"closed","template":"","meta":{"footnotes":""},"class_list":["post-5539","page","type-page","status-publish","hentry"],"_links":{"self":[{"href":"https:\/\/imobiliariaoriente.com.br\/index.php\/wp-json\/wp\/v2\/pages\/5539","targetHints":{"allow":["GET"]}}],"collection":[{"href":"https:\/\/imobiliariaoriente.com.br\/index.php\/wp-json\/wp\/v2\/pages"}],"about":[{"href":"https:\/\/imobiliariaoriente.com.br\/index.php\/wp-json\/wp\/v2\/types\/page"}],"author":[{"embeddable":true,"href":"https:\/\/imobiliariaoriente.com.br\/index.php\/wp-json\/wp\/v2\/users\/1"}],"replies":[{"embeddable":true,"href":"https:\/\/imobiliariaoriente.com.br\/index.php\/wp-json\/wp\/v2\/comments?post=5539"}],"version-history":[{"count":4,"href":"https:\/\/imobiliariaoriente.com.br\/index.php\/wp-json\/wp\/v2\/pages\/5539\/revisions"}],"predecessor-version":[{"id":5548,"href":"https:\/\/imobiliariaoriente.com.br\/index.php\/wp-json\/wp\/v2\/pages\/5539\/revisions\/5548"}],"wp:attachment":[{"href":"https:\/\/imobiliariaoriente.com.br\/index.php\/wp-json\/wp\/v2\/media?parent=5539"}],"curies":[{"name":"wp","href":"https:\/\/api.w.org\/{rel}","templated":true}]}}