{"id":5092,"date":"2021-10-22T17:33:51","date_gmt":"2021-10-22T20:33:51","guid":{"rendered":"https:\/\/imobiliariaoriente.com.br\/?page_id=5092"},"modified":"2021-10-22T17:35:50","modified_gmt":"2021-10-22T20:35:50","slug":"sobre-nos","status":"publish","type":"page","link":"https:\/\/imobiliariaoriente.com.br\/index.php\/sobre-nos\/","title":{"rendered":"Sobre n\u00f3s"},"content":{"rendered":"<p><b>Quem somos:<\/b><\/p>\n<p><span style=\"font-weight: 400;\">A Imobili\u00e1ria Oriente trabalha com dedica\u00e7\u00e3o e comprometimento com as premissas que norteiam suas atividades, sempre buscando a seguran\u00e7a jur\u00eddica do seu neg\u00f3cio.<\/span><\/p>\n<p><span style=\"font-weight: 400;\">Reformulada, moderna e atualizada, traz em seu conceito, valores com transpar\u00eancia, qualidade,respeito , integridade, comprometimento e valoriza\u00e7\u00e3o do cliente .<\/span><\/p>\n<p><span style=\"font-weight: 400;\">A Imobili\u00e1ria Oriente possui estrutura adaptada \u00e0s exig\u00eancias do mercado imobili\u00e1rio com foco em resultados e seguran\u00e7a para seus neg\u00f3cios.<\/span><\/p>\n<p><span style=\"font-weight: 400;\">Atuamos nas \u00e1reas de administra\u00e7\u00e3o, compra, venda e legaliza\u00e7\u00e3o de im\u00f3veis, com atendimento personalizado e exclusivo.<\/span><\/p>\n<p><span style=\"font-weight: 400;\">Nossa miss\u00e3o \u00e9 orient\u00e1-los a fim de direcion\u00e1-lo ao melhor investimento.<\/span><\/p>\n","protected":false},"excerpt":{"rendered":"<p>Quem somos: A Imobili\u00e1ria Oriente trabalha com dedica\u00e7\u00e3o e comprometimento com as premissas que norteiam suas atividades, sempre buscando a seguran\u00e7a jur\u00eddica do seu neg\u00f3cio. Reformulada, moderna e atualizada, traz em seu conceito, valores com transpar\u00eancia, qualidade,respeito , integridade, comprometimento e valoriza\u00e7\u00e3o do cliente . A Imobili\u00e1ria Oriente possui estrutura adaptada \u00e0s exig\u00eancias do mercado&#8230;<\/p>\n","protected":false},"author":1,"featured_media":0,"parent":0,"menu_order":0,"comment_status":"closed","ping_status":"closed","template":"","meta":{"footnotes":""},"class_list":["post-5092","page","type-page","status-publish","hentry"],"_links":{"self":[{"href":"https:\/\/imobiliariaoriente.com.br\/index.php\/wp-json\/wp\/v2\/pages\/5092","targetHints":{"allow":["GET"]}}],"collection":[{"href":"https:\/\/imobiliariaoriente.com.br\/index.php\/wp-json\/wp\/v2\/pages"}],"about":[{"href":"https:\/\/imobiliariaoriente.com.br\/index.php\/wp-json\/wp\/v2\/types\/page"}],"author":[{"embeddable":true,"href":"https:\/\/imobiliariaoriente.com.br\/index.php\/wp-json\/wp\/v2\/users\/1"}],"replies":[{"embeddable":true,"href":"https:\/\/imobiliariaoriente.com.br\/index.php\/wp-json\/wp\/v2\/comments?post=5092"}],"version-history":[{"count":1,"href":"https:\/\/imobiliariaoriente.com.br\/index.php\/wp-json\/wp\/v2\/pages\/5092\/revisions"}],"predecessor-version":[{"id":5093,"href":"https:\/\/imobiliariaoriente.com.br\/index.php\/wp-json\/wp\/v2\/pages\/5092\/revisions\/5093"}],"wp:attachment":[{"href":"https:\/\/imobiliariaoriente.com.br\/index.php\/wp-json\/wp\/v2\/media?parent=5092"}],"curies":[{"name":"wp","href":"https:\/\/api.w.org\/{rel}","templated":true}]}}