{"id":5086,"date":"2021-10-22T17:31:27","date_gmt":"2021-10-22T20:31:27","guid":{"rendered":"https:\/\/imobiliariaoriente.com.br\/?page_id=5086"},"modified":"2021-11-08T11:18:51","modified_gmt":"2021-11-08T14:18:51","slug":"elementor-5086","status":"publish","type":"page","link":"https:\/\/imobiliariaoriente.com.br\/index.php\/elementor-5086\/","title":{"rendered":"Entre em contato"},"content":{"rendered":"\t\t<div data-elementor-type=\"wp-page\" data-elementor-id=\"5086\" class=\"elementor elementor-5086\" data-elementor-settings=\"[]\">\n\t\t\t\t\t\t\t<div class=\"elementor-section-wrap\">\n\t\t\t\t\t\t\t<section class=\"elementor-section elementor-top-section elementor-element elementor-element-ea43344 elementor-section-boxed elementor-section-height-default elementor-section-height-default\" data-id=\"ea43344\" data-element_type=\"section\">\n\t\t\t\t\t\t<div class=\"elementor-container elementor-column-gap-default\">\n\t\t\t\t\t<div class=\"elementor-column elementor-col-100 elementor-top-column elementor-element elementor-element-2ea9283\" data-id=\"2ea9283\" data-element_type=\"column\">\n\t\t\t<div class=\"elementor-widget-wrap elementor-element-populated\">\n\t\t\t\t\t\t\t\t<div class=\"elementor-element elementor-element-6e12b55 elementor-widget elementor-widget-text-editor\" data-id=\"6e12b55\" data-element_type=\"widget\" data-widget_type=\"text-editor.default\">\n\t\t\t\t<div class=\"elementor-widget-container\">\n\t\t\t\t\t\t\t<h4 class=\"push-top\"><strong>Entrem em contato!<\/strong><\/h4>\n<p>D\u00favidas ou informa\u00e7\u00f5es.<\/p>\n<p>Entre em contato por telefone ou email.<br><span style=\"font-weight: 400;\">CRECI N RJ 01 077.762<\/span><\/p>\n<hr>\n<h4>Onde&nbsp;<strong>estamos?<\/strong><\/h4>\n<ul class=\"list-unstyled\">\n<li><i class=\"fa fa-map-marker\"><\/i>&nbsp;<strong>Rua:<\/strong> <span style=\"font-weight: 400;\">Cel Adalberto Mendes n\u00b0 21 sala 201&nbsp;<\/span><\/li>\n<li><i class=\"fa fa-map-marker\"><\/i>&nbsp;<strong>Bairro:<\/strong> Manejo<\/li>\n<li><i class=\"fa fa-map-marker\"><\/i>&nbsp;<strong>CEP:<\/strong> <span style=\"font-weight: 400;\">27520-301<\/span><\/li>\n<li><i class=\"fa fa-map-marker\"><\/i>&nbsp;<strong>Cidade:<\/strong>&nbsp;Resende \/ RJ<\/li>\n<\/ul>\n<hr>\n<h4>Entre em&nbsp;<strong>contato<\/strong><\/h4>\n<ul class=\"list-unstyled\">\n<li><i class=\"fa fa-phone\"><\/i>&nbsp;<strong>Telefone:<\/strong> <span style=\"font-weight: 400;\">(24) 3355 3650 \/ (24) 2109 1375<\/span><i class=\"fa fa-skype\"><\/i><\/li>\n<li><i class=\"fa fa-envelope\"><\/i>&nbsp;<strong>E-mail:<\/strong> imobiliariaorienteresende@gmail.com<br><span style=\"font-weight: 400;\">CRECI N RJ 01 077.762<\/span><\/li>\n<\/ul>\n<hr>\n<h4>Hor\u00e1rio de&nbsp;<strong>funcionamento<\/strong><\/h4>\n<ul class=\"list-unstyled\">\n<li><i class=\"fa fa-time\"><\/i>&nbsp;Segunda-feira a sexta-feira \u2013 08:30h \u00e0s 17:30h<\/li>\n<\/ul>\t\t\t\t\t\t<\/div>\n\t\t\t\t<\/div>\n\t\t\t\t\t<\/div>\n\t\t<\/div>\n\t\t\t\t\t\t\t<\/div>\n\t\t<\/section>\n\t\t\t\t\t\t<\/div>\n\t\t\t\t\t<\/div>\n\t\t","protected":false},"excerpt":{"rendered":"<p>Entrem em contato! D\u00favidas ou informa\u00e7\u00f5es. Entre em contato por telefone ou email.CRECI N RJ 01 077.762 Onde&nbsp;estamos? &nbsp;Rua: Cel Adalberto Mendes n\u00b0 21 sala 201&nbsp; &nbsp;Bairro: Manejo &nbsp;CEP: 27520-301 &nbsp;Cidade:&nbsp;Resende \/ RJ Entre em&nbsp;contato &nbsp;Telefone: (24) 3355 3650 \/ (24) 2109 1375 &nbsp;E-mail: imobiliariaorienteresende@gmail.comCRECI N RJ 01 077.762 Hor\u00e1rio de&nbsp;funcionamento &nbsp;Segunda-feira a sexta-feira \u2013&#8230;<\/p>\n","protected":false},"author":1,"featured_media":0,"parent":0,"menu_order":0,"comment_status":"closed","ping_status":"closed","template":"templates\/contact.php","meta":{"footnotes":""},"class_list":["post-5086","page","type-page","status-publish","hentry"],"_links":{"self":[{"href":"https:\/\/imobiliariaoriente.com.br\/index.php\/wp-json\/wp\/v2\/pages\/5086","targetHints":{"allow":["GET"]}}],"collection":[{"href":"https:\/\/imobiliariaoriente.com.br\/index.php\/wp-json\/wp\/v2\/pages"}],"about":[{"href":"https:\/\/imobiliariaoriente.com.br\/index.php\/wp-json\/wp\/v2\/types\/page"}],"author":[{"embeddable":true,"href":"https:\/\/imobiliariaoriente.com.br\/index.php\/wp-json\/wp\/v2\/users\/1"}],"replies":[{"embeddable":true,"href":"https:\/\/imobiliariaoriente.com.br\/index.php\/wp-json\/wp\/v2\/comments?post=5086"}],"version-history":[{"count":14,"href":"https:\/\/imobiliariaoriente.com.br\/index.php\/wp-json\/wp\/v2\/pages\/5086\/revisions"}],"predecessor-version":[{"id":5634,"href":"https:\/\/imobiliariaoriente.com.br\/index.php\/wp-json\/wp\/v2\/pages\/5086\/revisions\/5634"}],"wp:attachment":[{"href":"https:\/\/imobiliariaoriente.com.br\/index.php\/wp-json\/wp\/v2\/media?parent=5086"}],"curies":[{"name":"wp","href":"https:\/\/api.w.org\/{rel}","templated":true}]}}